{"id":9,"date":"2024-03-16T10:00:08","date_gmt":"2024-03-16T10:00:08","guid":{"rendered":"https:\/\/pacogarciamoro.com\/?page_id=9"},"modified":"2024-12-27T10:27:46","modified_gmt":"2024-12-27T10:27:46","slug":"research","status":"publish","type":"page","link":"https:\/\/pacogarciamoro.com\/index.php\/research\/","title":{"rendered":"Research"},"content":{"rendered":"\n<p>Full bibliography:<\/p>\n\n\n\n<ul class=\"wp-block-list\">\n<li>2024. <a href=\"http:\/\/www.in-formality.com\/wiki\/index.php?title=Chu\u1ed3ng_C\u1ecdp_(Vietnam)\">Chu\u1ed3ng C\u1ecdp (Vietnam)<\/a>. In A. Ledeneva (Ed.), The Global Encyclopaedia of Informality (Vol. 3, pp. 458\u2013462). University College London Press. <\/li>\n\n\n\n<li>2023. <a href=\"http:\/\/polired.upm.es\/index.php\/proyectos_arquitectonicos\/article\/view\/5167\">Bangkok: 1999-2542. Evaluando el legado de la Sexta Edici\u00f3n de \u201cCities on the Move.\u201d<\/a> Cuaderno de Proyectos Arquitect\u00f3nicos, 1(13), 30\u201343. <\/li>\n\n\n\n<li>2023. <a href=\"https:\/\/revistas.uchile.cl\/index.php\/RA\/article\/view\/70012\/73394\">El Antropoceno y el ocaso del sue\u00f1o param\u00e9trico<\/a>. Revista de Arquitectura, 28(44), 118\u2013133.<\/li>\n\n\n\n<li>2023. <a href=\"https:\/\/oa.upm.es\/76634\/\">The Birdcage. Comparative Analysis of Informal Facade Modification Practices in Asian Cities.<\/a> Doctoral Thesis. Polytechnic University of Madrid.<\/li>\n\n\n\n<li>2023. <a href=\"https:\/\/revistarita.com\/wp-content\/uploads\/2023\/06\/rita_19-Articulo-03.pdf\">The Liquid Mandala. Art Brut and Mystical Landscapes in the Marginal Spaces of Bangkok<\/a>. RITA. Revista Indexada de Textos Acad\u00e9micos, 03(19), 52\u201369.<\/li>\n\n\n\n<li>2023. <a href=\"https:\/\/upcommons.upc.edu\/bitstream\/handle\/2117\/390094\/11790_9999.pdf?sequence=2&amp;isAllowed=y\">The Thai \u2018Shophouse\u2019: a Hybrid, Urban, and Contemporary Typology<\/a>. Architecture, City and Environment, 18(52), 1\u201320.<\/li>\n\n\n\n<li>2022. <a href=\"https:\/\/polipapers.upv.es\/index.php\/enblanco\/article\/view\/17028\/15008\">Domestic Space Appropriations In Socialist Housing: A Look At The Soviet Union And Vietnam<\/a>. En Blanco. Revista de Arquitectura, 32, 130\u2013142.<\/li>\n\n\n\n<li>2022. <a href=\"https:\/\/www.traditionalarchitecturejournal.com\/index.php\/home\/article\/view\/607\">Stone Carving for the Rising Sun: A History of the Japanese Replicas of the Salamancan University Fa\u00e7ade and New Cathedral Nativity Portal<\/a>. Journal of Traditional Building, Architecture and Urbanism, 3, 325\u2013337.<\/li>\n\n\n\n<li>2022. <a href=\"https:\/\/polired.upm.es\/index.php\/cuadernodenotas\/article\/view\/4984\/5195\">White Palaces over Rice Crops. New Formalism in Thai Corporate Architecture<\/a>. Cuaderno de Notas, 23, 72\u201387.<\/li>\n\n\n\n<li>2022. Wood architecture in the border towns of Thailand and Myanmar. A study of vernacular construction practices in Umphang district. Buildings and Borders in Asia, 17th to 20th Centuries &#8211; 2022 Graduate Symposium.<\/li>\n\n\n\n<li>2022. <a href=\"http:\/\/www.reia.es\/REIA20_ALTA.pdf\">Arte, informalidad y ciudad en el Han\u00f3i contempor\u00e1neo<\/a>. Revista Europea de Investigaci\u00f3n En Arquitectura, 20, 159\u2013176.<\/li>\n\n\n\n<li>2020. <a href=\"https:\/\/ajar.arena-architecture.eu\/articles\/10.5334\/ajar.231\">The Death and Life of Hong Kong Illegal Facades<\/a>. Arena Journal of Architecture Research, 5(1).<\/li>\n\n\n\n<li>2019. Beautiful Jailing: Tales of Extreme Urban Design In Hong Kong and Macau. Project 189 Bangkok.<\/li>\n\n\n\n<li>2017. Wired Skins: Architectural Negotiations and Informal Transformations in Urban Thailand. SEAP 19th Annual Graduate Student Conference.<\/li>\n\n\n\n<li>2016. <a href=\"https:\/\/www.researchgate.net\/publication\/332229411_CROSSROADS_ASIAN_STREETS_IN_THE_DYNAMICS_OF_CHANGE_GASS2016_GREAT_ASIAN_STREETS_SYMPOSIUM\">Rule and Form of the Illegal Fa\u00e7ades of Southeast Asian Streets.<\/a> In H. C. Kiang &amp; Z. Ye (Eds.), Crossroads: Asian Streets in the Streets in the Dynamics of Change. GASS2016 Great Asian Streets Symposium (pp. 157\u2013162).<\/li>\n\n\n\n<li>Garc\u00eda Moro, F. (2014). Bucentauro y Otros Relatos Fant\u00e1sticos. Tabooestudio.<\/li>\n\n\n\n<li>Garc\u00eda Moro, F. (2011). Santa Ifig\u00eania: Territorio, Norma e Identidad. Faculdade de Arquitetura e Urbanismo. Universidade de S\u00e3o Paulo<\/li>\n\n\n\n<li>Garc\u00eda Moro, F. (2010). Weng Fook Yuan. Community Center in the Yard of Eternal Happiness.<\/li>\n\n\n\n<li>Casas, I. de las, &amp; Garcia Moro, F. (2004). Lugares de Soria, Vinuesa, Salduero y Molinos de Duero. In Lugares de Soria, Vinuesa, Salduero y Molinos de Duero. Colegio de Arquitectos de Soria.<\/li>\n\n\n\n<li>Paz Marcos, M., &amp; Garc\u00eda Moro, F. (2002). C\u00e1lculo Proposicional. In M. P. Marcos (Ed.), C\u00e1lculo Proposicional (2nd ed.). Editorial Plaza.<\/li>\n\n\n\n<li>Garc\u00eda Moro, F. (1996). La Aventura de Luciano en el Casiopea. In II Certamen de Cuentos para J\u00f3venes. Junta de Castilla y Le\u00f3n.<\/li>\n<\/ul>\n","protected":false},"excerpt":{"rendered":"<p>Full bibliography:<\/p>\n","protected":false},"author":1,"featured_media":0,"parent":0,"menu_order":0,"comment_status":"closed","ping_status":"closed","template":"","meta":{"footnotes":""},"class_list":["post-9","page","type-page","status-publish","hentry","entry"],"_links":{"self":[{"href":"https:\/\/pacogarciamoro.com\/index.php\/wp-json\/wp\/v2\/pages\/9","targetHints":{"allow":["GET"]}}],"collection":[{"href":"https:\/\/pacogarciamoro.com\/index.php\/wp-json\/wp\/v2\/pages"}],"about":[{"href":"https:\/\/pacogarciamoro.com\/index.php\/wp-json\/wp\/v2\/types\/page"}],"author":[{"embeddable":true,"href":"https:\/\/pacogarciamoro.com\/index.php\/wp-json\/wp\/v2\/users\/1"}],"replies":[{"embeddable":true,"href":"https:\/\/pacogarciamoro.com\/index.php\/wp-json\/wp\/v2\/comments?post=9"}],"version-history":[{"count":5,"href":"https:\/\/pacogarciamoro.com\/index.php\/wp-json\/wp\/v2\/pages\/9\/revisions"}],"predecessor-version":[{"id":726,"href":"https:\/\/pacogarciamoro.com\/index.php\/wp-json\/wp\/v2\/pages\/9\/revisions\/726"}],"wp:attachment":[{"href":"https:\/\/pacogarciamoro.com\/index.php\/wp-json\/wp\/v2\/media?parent=9"}],"curies":[{"name":"wp","href":"https:\/\/api.w.org\/{rel}","templated":true}]}}